{"id":228,"date":"2023-01-12T10:04:08","date_gmt":"2023-01-12T09:04:08","guid":{"rendered":"https:\/\/zivilgesellschaft-ohne-grenzen.de\/?page_id=228"},"modified":"2023-03-04T12:00:47","modified_gmt":"2023-03-04T11:00:47","slug":"spenden","status":"publish","type":"page","link":"https:\/\/zivilgesellschaft-ohne-grenzen.de\/en\/spenden\/","title":{"rendered":"donate"},"content":{"rendered":"<p>[et_pb_section fb_built=&#8220;1&#8243; _builder_version=&#8220;4.19.4&#8243; _module_preset=&#8220;default&#8220; global_colors_info=&#8220;{}&#8220;][et_pb_row _builder_version=&#8220;4.19.4&#8243; _module_preset=&#8220;default&#8220; global_colors_info=&#8220;{}&#8220;][et_pb_column type=&#8220;4_4&#8243; _builder_version=&#8220;4.19.4&#8243; _module_preset=&#8220;default&#8220; global_colors_info=&#8220;{}&#8220;][et_pb_text _builder_version=&#8220;4.20.0&#8243; _module_preset=&#8220;default&#8220; global_colors_info=&#8220;{}&#8220;]<\/p>\n<h1>donate<\/h1>\n<p>With your donation you support our engagement for activists who stand up for <span role=\"presentation\" dir=\"ltr\">freedom,<\/span><br role=\"presentation\" \/><span role=\"presentation\" dir=\"ltr\">democracy, human rights, equality or climate justice and are therefore in danger.\u00a0<\/span><\/p>\n<p><span role=\"presentation\" dir=\"ltr\">We stand up for activists at risk, support them in their work on the ground, or work with them to find ways to get to safety.\u00a0<\/span><span role=\"presentation\" dir=\"ltr\"><\/span><\/p>\n<p><span role=\"presentation\" dir=\"ltr\"> Through public campaigns, we build pressure on political institutions in Germany to do their share in protecting activists.<\/span><\/p>\n<p><strong>We are especially happy about regular donations. Your permanent donation helps us to support activists and organizations reliably, long-term and efficiently.<\/strong><\/p>\n<div class=\"fusion-text fusion-text-4\">\n<p>&nbsp;<\/p>\n<p><strong>It is possible to donate directly by bank transfer or conveniently via the FUNDRAISINGBOX tool.<\/strong><\/p>\n<p>In the donation form you can choose whether we should send you a donation receipt. If you have answered yes to this option, you will receive the donation receipt by e-mail.<\/p>\n<p>&nbsp;<\/p>\n<\/div>\n<p>[\/et_pb_text][et_pb_toggle title=&#8220;Spenden per \u00dcberweisung&#8220; _builder_version=&#8220;4.20.0&#8243; _module_preset=&#8220;default&#8220; hover_enabled=&#8220;0&#8243; global_colors_info=&#8220;{}&#8220; sticky_enabled=&#8220;0&#8243;]<\/p>\n<p><strong>Donate now via SEPA transfer:<\/strong><\/p>\n<div class=\"fusion-title title fusion-title-4 fusion-title-text fusion-title-size-four\">\n<p><span class=\"awb-title-spacer\"><\/span><\/p>\n<div class=\"title-sep-container title-sep-container-right\">\n<div class=\"title-sep sep- sep-solid\"><\/div>\n<\/div>\n<\/div>\n<div class=\"fusion-text fusion-text-4\">\n<p><strong>Account holder:<\/strong> Zivilgesellschaft ohne Grenzen e.V.<br \/><strong>IBAN: <\/strong><span>DE96 4306 0967 1303 6432 00<\/span><\/p>\n<p><strong>BIC:<\/strong> <span>GENODEM1GLS<\/span><br \/><strong>Bank:<\/strong> GLS Gemeinschaftsbank eG<br \/><strong>Notice:<\/strong> ZivoG<\/p>\n<p>Please keep in mind that if you donate by bank transfer, we will not have your contact details at first and therefore you will not receive any further notification or confirmation of receipt of the money. However, you are very welcome to send us your contact details by email after your donation.<\/p>\n<\/div>\n<p>[\/et_pb_toggle][et_pb_toggle title=&#8220;Spenden Per Fundraisingbox&#8220; open=&#8220;on&#8220; _builder_version=&#8220;4.20.0&#8243; _module_preset=&#8220;default&#8220; global_colors_info=&#8220;{}&#8220;]<script type=\"text\/javascript\" src=\"https:\/\/secure.fundraisingbox.com\/app\/paymentJS?hash=8oav2dybpnbys7x0\"><\/script><\/p>\n<p><noscript>Bitte Javascript aktivieren<\/noscript><a target=\"_blank\" href=\"https:\/\/www.fundraisingbox.com\" rel=\"noopener\"><img decoding=\"async\" border=\"0\" style=\"border: 0 !important;\" src=\"https:\/\/secure.fundraisingbox.com\/images\/FundraisingBox-Logo-Widget.png\" alt=\"FundraisingBox Logo\" \/><\/a>[\/et_pb_toggle][\/et_pb_column][\/et_pb_row][\/et_pb_section]<\/p>","protected":false},"excerpt":{"rendered":"<p>Spenden Mit deiner Spende unterst\u00fctzt Du unser Engagement f\u00fcr bedrohte Aktivist*innen, die sich f\u00fcr Freiheit,Demokratie, Menschenrechte, Gleichberechtigung oder Klimagerechtigkeit einsetzen und deshalb in Gefahr geraten.\u00a0 Wir setzen uns f\u00fcr gef\u00e4hrdete Aktivist*innen ein, suchen gemeinsam nach Wegen sich in Sicherheit zu bringen.\u00a0 \u00dcber \u00f6ffentlichen Kampagen bauen wir gezielt Druck auf politische Institutionen auf, damit sich diese [&hellip;]<\/p>","protected":false},"author":1,"featured_media":0,"parent":0,"menu_order":0,"comment_status":"closed","ping_status":"closed","template":"","meta":{"_et_pb_use_builder":"on","_et_pb_old_content":"","_et_gb_content_width":"","footnotes":""},"class_list":["post-228","page","type-page","status-publish","hentry"],"_links":{"self":[{"href":"https:\/\/zivilgesellschaft-ohne-grenzen.de\/en\/wp-json\/wp\/v2\/pages\/228","targetHints":{"allow":["GET"]}}],"collection":[{"href":"https:\/\/zivilgesellschaft-ohne-grenzen.de\/en\/wp-json\/wp\/v2\/pages"}],"about":[{"href":"https:\/\/zivilgesellschaft-ohne-grenzen.de\/en\/wp-json\/wp\/v2\/types\/page"}],"author":[{"embeddable":true,"href":"https:\/\/zivilgesellschaft-ohne-grenzen.de\/en\/wp-json\/wp\/v2\/users\/1"}],"replies":[{"embeddable":true,"href":"https:\/\/zivilgesellschaft-ohne-grenzen.de\/en\/wp-json\/wp\/v2\/comments?post=228"}],"version-history":[{"count":13,"href":"https:\/\/zivilgesellschaft-ohne-grenzen.de\/en\/wp-json\/wp\/v2\/pages\/228\/revisions"}],"predecessor-version":[{"id":890,"href":"https:\/\/zivilgesellschaft-ohne-grenzen.de\/en\/wp-json\/wp\/v2\/pages\/228\/revisions\/890"}],"wp:attachment":[{"href":"https:\/\/zivilgesellschaft-ohne-grenzen.de\/en\/wp-json\/wp\/v2\/media?parent=228"}],"curies":[{"name":"wp","href":"https:\/\/api.w.org\/{rel}","templated":true}]}}