{"id":281,"date":"2023-01-12T12:51:21","date_gmt":"2023-01-12T11:51:21","guid":{"rendered":"https:\/\/zivilgesellschaft-ohne-grenzen.de\/?page_id=281"},"modified":"2023-03-04T12:28:07","modified_gmt":"2023-03-04T11:28:07","slug":"ueber-uns","status":"publish","type":"page","link":"https:\/\/zivilgesellschaft-ohne-grenzen.de\/en\/ueber-uns\/","title":{"rendered":"About us"},"content":{"rendered":"<p>[et_pb_section fb_built=&#8220;1&#8243; _builder_version=&#8220;4.19.4&#8243; _module_preset=&#8220;default&#8220; custom_padding=&#8220;||236px|||&#8220; global_colors_info=&#8220;{}&#8220;][et_pb_row _builder_version=&#8220;4.19.4&#8243; _module_preset=&#8220;default&#8220; global_colors_info=&#8220;{}&#8220;][et_pb_column type=&#8220;4_4&#8243; _builder_version=&#8220;4.19.4&#8243; _module_preset=&#8220;default&#8220; global_colors_info=&#8220;{}&#8220;][et_pb_text _builder_version=&#8220;4.19.4&#8243; _module_preset=&#8220;default&#8220; global_colors_info=&#8220;{}&#8220;]<\/p>\n<h1>About us<\/h1>\n<p>We are the founding members of Zivilgesellschaft ohne Grenzen e.V. and bring with us a range of experience from our previous areas of activity, which we incorporate into our commitment to a globally networked civil society.<\/p>\n<p>[\/et_pb_text][\/et_pb_column][\/et_pb_row][et_pb_row _builder_version=&#8220;4.19.5&#8243; _module_preset=&#8220;default&#8220; custom_padding=&#8220;0px||||false|false&#8220; global_colors_info=&#8220;{}&#8220;][et_pb_column type=&#8220;4_4&#8243; _builder_version=&#8220;4.19.4&#8243; _module_preset=&#8220;default&#8220; global_colors_info=&#8220;{}&#8220;][et_pb_testimonial author=&#8220;Nora (sie\/ihr)&#8220; portrait_url=&#8220;https:\/\/zivilgesellschaft-ohne-grenzen.de\/wp-content\/uploads\/2023\/02\/nora-illustration.png&#8220; quote_icon=&#8220;off&#8220; font_icon=&#8220;&#xf520;||fa||900&#8243; portrait_width=&#8220;200px&#8220; portrait_height=&#8220;200px&#8220; _builder_version=&#8220;4.20.0&#8243; _module_preset=&#8220;default&#8220; background_color=&#8220;gcid-b8e3c7bf-40c1-4845-97b3-964783ee5001&#8243; custom_margin=&#8220;40px||||false|false&#8220; border_radii_portrait=&#8220;on|0px|0px|0px|0px&#8220; border_width_all_portrait=&#8220;2px&#8220; border_color_all_portrait=&#8220;gcid-0abbf30b-6078-4754-b7e3-fa9142906890&#8243; border_style_all_portrait=&#8220;none&#8220; box_shadow_style=&#8220;preset3&#8243; box_shadow_vertical=&#8220;15px&#8220; box_shadow_blur=&#8220;29px&#8220; box_shadow_spread=&#8220;-23px&#8220; box_shadow_style_image=&#8220;preset3&#8243; global_colors_info=&#8220;{%22gcid-0abbf30b-6078-4754-b7e3-fa9142906890%22:%91%22border_color_all_portrait%22,%22border_color_all_portrait%22,%22border_color_all_portrait%22,%22border_color_all_portrait%22,%22border_color_all_portrait%22,%22border_color_all_portrait%22,%22border_color_all_portrait%22,%22border_color_all_portrait%22,%22border_color_all_portrait%22,%22border_color_all_portrait%22,%22border_color_all_portrait%22%93,%22gcid-b8e3c7bf-40c1-4845-97b3-964783ee5001%22:%91%22background_color%22,%22background_color%22,%22background_color%22,%22background_color%22,%22background_color%22%93}&#8220;]<\/p>\n<p>Nora has led numerous seminars in political education. In 2018, she stepped up to the plate and helped build the social movement Seebr\u00fccke, focusing on setting up suitable structures and JEDI (Justice Equity Diversity Inclusion). Today she accompanies and advises teams and organizations. She says: Feeling is hard but worth it.<\/p>\n<p>[\/et_pb_testimonial][et_pb_testimonial author=&#8220;Ferdinand (er\/ihn)&#8220; portrait_url=&#8220;https:\/\/zivilgesellschaft-ohne-grenzen.de\/wp-content\/uploads\/2023\/02\/Ferdi_Illu_klein.png&#8220; quote_icon=&#8220;off&#8220; font_icon=&#8220;&#xf520;||fa||900&#8243; portrait_width=&#8220;200px&#8220; portrait_height=&#8220;200px&#8220; _builder_version=&#8220;4.20.0&#8243; _module_preset=&#8220;default&#8220; background_color=&#8220;gcid-b8e3c7bf-40c1-4845-97b3-964783ee5001&#8243; custom_margin=&#8220;40px||||false|false&#8220; border_style_all=&#8220;none&#8220; border_radii_portrait=&#8220;on|0px|0px|0px|0px&#8220; border_width_all_portrait=&#8220;2px&#8220; border_color_all_portrait=&#8220;gcid-0abbf30b-6078-4754-b7e3-fa9142906890&#8243; border_style_all_portrait=&#8220;none&#8220; box_shadow_style=&#8220;preset3&#8243; box_shadow_vertical=&#8220;15px&#8220; box_shadow_blur=&#8220;29px&#8220; box_shadow_spread=&#8220;-23px&#8220; box_shadow_style_image=&#8220;preset3&#8243; global_colors_info=&#8220;{%22gcid-0abbf30b-6078-4754-b7e3-fa9142906890%22:%91%22border_color_all_portrait%22,%22border_color_all_portrait%22,%22border_color_all_portrait%22,%22border_color_all_portrait%22,%22border_color_all_portrait%22,%22border_color_all_portrait%22,%22border_color_all_portrait%22,%22border_color_all_portrait%22,%22border_color_all_portrait%22,%22border_color_all_portrait%22,%22border_color_all_portrait%22,%22border_color_all_portrait%22%93,%22gcid-b8e3c7bf-40c1-4845-97b3-964783ee5001%22:%91%22background_color%22,%22background_color%22,%22background_color%22,%22background_color%22,%22background_color%22%93}&#8220;]<\/p>\n<p data-pm-slice=\"1 1 []\">Ferdinand first fell in love with the creative uprising of Syrian civil society in 2011 - and from then on accompanied them with Adopt a Revolution through revolution and uprising, as well as war and flight movements. As a campaigner, he likes to sharpen things up, but can also keep an issue going for the long haul, or push through the last few miles of a long bike trip<\/p>\n<p>[\/et_pb_testimonial][et_pb_testimonial author=&#8220;Christin (sie\/ihr)&#8220; portrait_url=&#8220;https:\/\/zivilgesellschaft-ohne-grenzen.de\/wp-content\/uploads\/2023\/02\/koko_illu-klein.png&#8220; quote_icon=&#8220;off&#8220; font_icon=&#8220;&#xf520;||fa||900&#8243; portrait_width=&#8220;200px&#8220; portrait_height=&#8220;200px&#8220; _builder_version=&#8220;4.20.0&#8243; _module_preset=&#8220;default&#8220; background_color=&#8220;gcid-b8e3c7bf-40c1-4845-97b3-964783ee5001&#8243; custom_margin=&#8220;40px||||false|false&#8220; border_radii_portrait=&#8220;on|0px|0px|0px|0px&#8220; border_width_all_portrait=&#8220;2px&#8220; border_color_all_portrait=&#8220;gcid-0abbf30b-6078-4754-b7e3-fa9142906890&#8243; border_style_all_portrait=&#8220;none&#8220; box_shadow_style=&#8220;preset3&#8243; box_shadow_vertical=&#8220;15px&#8220; box_shadow_blur=&#8220;29px&#8220; box_shadow_spread=&#8220;-23px&#8220; box_shadow_style_image=&#8220;preset3&#8243; global_colors_info=&#8220;{%22gcid-0abbf30b-6078-4754-b7e3-fa9142906890%22:%91%22border_color_all_portrait%22,%22border_color_all_portrait%22,%22border_color_all_portrait%22,%22border_color_all_portrait%22,%22border_color_all_portrait%22,%22border_color_all_portrait%22,%22border_color_all_portrait%22,%22border_color_all_portrait%22,%22border_color_all_portrait%22,%22border_color_all_portrait%22,%22border_color_all_portrait%22,%22border_color_all_portrait%22,%22border_color_all_portrait%22,%22border_color_all_portrait%22,%22border_color_all_portrait%22%93,%22gcid-b8e3c7bf-40c1-4845-97b3-964783ee5001%22:%91%22background_color%22,%22background_color%22,%22background_color%22,%22background_color%22,%22background_color%22,%22background_color%22%93}&#8220;]<\/p>\n<p data-pm-slice=\"1 1 []\">Christin lived, worked and engaged herself activistically for almost 9 years in Syria and Lebanon for the demands of the peaceful Syrian uprising in various projects. She continues this from Berlin as part of the management team of Adopt a Revolution, a German-Syrian human rights initiative. Besides political stuff &amp; occasional forays into the independent theater scene, she can be found hanging out on the climbing wall or in the pub.<\/p>\n<p>[\/et_pb_testimonial][et_pb_testimonial author=&#8220;Philipp (er\/ihn)&#8220; portrait_url=&#8220;https:\/\/zivilgesellschaft-ohne-grenzen.de\/wp-content\/uploads\/2023\/02\/philipp_illu_klein.png&#8220; quote_icon=&#8220;off&#8220; font_icon=&#8220;&#xf520;||fa||900&#8243; portrait_width=&#8220;200px&#8220; portrait_height=&#8220;200px&#8220; _builder_version=&#8220;4.20.0&#8243; _module_preset=&#8220;default&#8220; background_color=&#8220;gcid-b8e3c7bf-40c1-4845-97b3-964783ee5001&#8243; custom_margin=&#8220;40px||||false|false&#8220; hover_enabled=&#8220;0&#8243; border_radii_portrait=&#8220;on|0px|0px|0px|0px&#8220; border_width_all_portrait=&#8220;2px&#8220; border_color_all_portrait=&#8220;gcid-0abbf30b-6078-4754-b7e3-fa9142906890&#8243; border_style_all_portrait=&#8220;none&#8220; box_shadow_style=&#8220;preset3&#8243; box_shadow_vertical=&#8220;15px&#8220; box_shadow_blur=&#8220;29px&#8220; box_shadow_spread=&#8220;-23px&#8220; box_shadow_style_image=&#8220;preset3&#8243; global_colors_info=&#8220;{%22gcid-0abbf30b-6078-4754-b7e3-fa9142906890%22:%91%22border_color_all_portrait%22,%22border_color_all_portrait%22,%22border_color_all_portrait%22,%22border_color_all_portrait%22,%22border_color_all_portrait%22,%22border_color_all_portrait%22,%22border_color_all_portrait%22,%22border_color_all_portrait%22,%22border_color_all_portrait%22,%22border_color_all_portrait%22%93,%22gcid-b8e3c7bf-40c1-4845-97b3-964783ee5001%22:%91%22background_color%22,%22background_color%22,%22background_color%22,%22background_color%22%93}&#8220; sticky_enabled=&#8220;0&#8243;]<\/p>\n<p>Philipp is committed to human rights, freedom of movement and climate justice. Was active for many years as action trainer in social movements. Gives workshops on creative forms of action and works as a project coordinator for associations, initiatives and organizations. He is convinced that an active civil society is the pathbreaker to a more just future. In his free time he likes to lose the ground under his feet and fight against gravity.<\/p>\n<p>[\/et_pb_testimonial][et_pb_testimonial author=&#8220;Eva (sie\/ihr)&#8220; portrait_url=&#8220;https:\/\/zivilgesellschaft-ohne-grenzen.de\/wp-content\/uploads\/2023\/02\/eva-illu_klein.png&#8220; quote_icon=&#8220;off&#8220; font_icon=&#8220;&#xf520;||fa||900&#8243; portrait_width=&#8220;200px&#8220; portrait_height=&#8220;200px&#8220; _builder_version=&#8220;4.20.0&#8243; _module_preset=&#8220;default&#8220; background_color=&#8220;gcid-b8e3c7bf-40c1-4845-97b3-964783ee5001&#8243; custom_margin=&#8220;40px||||false|false&#8220; hover_enabled=&#8220;0&#8243; border_radii_portrait=&#8220;on|0px|0px|0px|0px&#8220; border_width_all_portrait=&#8220;2px&#8220; border_color_all_portrait=&#8220;gcid-0abbf30b-6078-4754-b7e3-fa9142906890&#8243; border_style_all_portrait=&#8220;none&#8220; box_shadow_style=&#8220;preset3&#8243; box_shadow_vertical=&#8220;15px&#8220; box_shadow_blur=&#8220;29px&#8220; box_shadow_spread=&#8220;-23px&#8220; box_shadow_style_image=&#8220;preset3&#8243; global_colors_info=&#8220;{%22gcid-0abbf30b-6078-4754-b7e3-fa9142906890%22:%91%22border_color_all_portrait%22,%22border_color_all_portrait%22,%22border_color_all_portrait%22,%22border_color_all_portrait%22,%22border_color_all_portrait%22,%22border_color_all_portrait%22,%22border_color_all_portrait%22,%22border_color_all_portrait%22,%22border_color_all_portrait%22,%22border_color_all_portrait%22,%22border_color_all_portrait%22,%22border_color_all_portrait%22,%22border_color_all_portrait%22,%22border_color_all_portrait%22,%22border_color_all_portrait%22%93,%22gcid-b8e3c7bf-40c1-4845-97b3-964783ee5001%22:%91%22background_color%22,%22background_color%22,%22background_color%22,%22background_color%22,%22background_color%22,%22background_color%22%93}&#8220; sticky_enabled=&#8220;0&#8243;]<\/p>\n<p>Eva started her activism in political education work and in the fight for freedom of movement and safe passage. Professionally, she supports activists who are new to Germany to get involved in politics and civil society.<\/p>\n<p>[\/et_pb_testimonial][et_pb_testimonial author=&#8220;Ruben (er\/ihn)&#8220; portrait_url=&#8220;https:\/\/zivilgesellschaft-ohne-grenzen.de\/wp-content\/uploads\/2023\/02\/Ruben_Ilustration_klein-.png&#8220; quote_icon=&#8220;off&#8220; font_icon=&#8220;&#xf520;||fa||900&#8243; portrait_width=&#8220;200px&#8220; portrait_height=&#8220;200px&#8220; _builder_version=&#8220;4.19.5&#8243; _module_preset=&#8220;default&#8220; background_color=&#8220;gcid-b8e3c7bf-40c1-4845-97b3-964783ee5001&#8243; custom_margin=&#8220;40px||||false|false&#8220; border_radii_portrait=&#8220;on|0px|0px|0px|0px&#8220; border_width_all_portrait=&#8220;2px&#8220; border_color_all_portrait=&#8220;gcid-0abbf30b-6078-4754-b7e3-fa9142906890&#8243; border_style_all_portrait=&#8220;none&#8220; box_shadow_style=&#8220;preset3&#8243; box_shadow_vertical=&#8220;15px&#8220; box_shadow_blur=&#8220;29px&#8220; box_shadow_spread=&#8220;-23px&#8220; box_shadow_style_image=&#8220;preset3&#8243; global_colors_info=&#8220;{%22gcid-0abbf30b-6078-4754-b7e3-fa9142906890%22:%91%22border_color_all_portrait%22,%22border_color_all_portrait%22,%22border_color_all_portrait%22,%22border_color_all_portrait%22,%22border_color_all_portrait%22,%22border_color_all_portrait%22,%22border_color_all_portrait%22,%22border_color_all_portrait%22,%22border_color_all_portrait%22,%22border_color_all_portrait%22,%22border_color_all_portrait%22,%22border_color_all_portrait%22,%22border_color_all_portrait%22,%22border_color_all_portrait%22,%22border_color_all_portrait%22,%22border_color_all_portrait%22,%22border_color_all_portrait%22,%22border_color_all_portrait%22,%22border_color_all_portrait%22,%22border_color_all_portrait%22%93,%22gcid-b8e3c7bf-40c1-4845-97b3-964783ee5001%22:%91%22background_color%22,%22background_color%22,%22background_color%22,%22background_color%22,%22background_color%22,%22background_color%22,%22background_color%22,%22background_color%22%93}&#8220;]<\/p>\n<p data-pm-slice=\"1 1 []\">Ruben has had his own experiences with repression as a journalist in crisis and conflict regions, and has the greatest respect for activists who sometimes risk everything to stand up for others. In 2015 he co-founded Sea-Watch, in 2021 Kabul Luftbr\u00fccke, his academic degree is Master of Disaster.<\/p>\n<p>[\/et_pb_testimonial][et_pb_testimonial author=&#8220;Flo (er\/ihn)&#8220; portrait_url=&#8220;https:\/\/zivilgesellschaft-ohne-grenzen.de\/wp-content\/uploads\/2023\/02\/flo_illu.png&#8220; quote_icon=&#8220;off&#8220; font_icon=&#8220;&#xf520;||fa||900&#8243; portrait_width=&#8220;200px&#8220; portrait_height=&#8220;200px&#8220; _builder_version=&#8220;4.20.0&#8243; _module_preset=&#8220;default&#8220; background_color=&#8220;gcid-b8e3c7bf-40c1-4845-97b3-964783ee5001&#8243; custom_margin=&#8220;40px||||false|false&#8220; border_radii_portrait=&#8220;on|0px|0px|0px|0px&#8220; border_width_all_portrait=&#8220;2px&#8220; border_color_all_portrait=&#8220;gcid-0abbf30b-6078-4754-b7e3-fa9142906890&#8243; border_style_all_portrait=&#8220;none&#8220; box_shadow_style=&#8220;preset3&#8243; box_shadow_vertical=&#8220;15px&#8220; box_shadow_blur=&#8220;29px&#8220; box_shadow_spread=&#8220;-23px&#8220; box_shadow_style_image=&#8220;preset3&#8243; global_colors_info=&#8220;{%22gcid-0abbf30b-6078-4754-b7e3-fa9142906890%22:%91%22border_color_all_portrait%22,%22border_color_all_portrait%22,%22border_color_all_portrait%22,%22border_color_all_portrait%22,%22border_color_all_portrait%22,%22border_color_all_portrait%22,%22border_color_all_portrait%22,%22border_color_all_portrait%22,%22border_color_all_portrait%22,%22border_color_all_portrait%22,%22border_color_all_portrait%22,%22border_color_all_portrait%22,%22border_color_all_portrait%22,%22border_color_all_portrait%22,%22border_color_all_portrait%22%93,%22gcid-b8e3c7bf-40c1-4845-97b3-964783ee5001%22:%91%22background_color%22,%22background_color%22,%22background_color%22,%22background_color%22,%22background_color%22,%22background_color%22%93}&#8220;]<\/p>\n<p data-pm-slice=\"1 1 []\">Florian has been an activist primarily in the environmental movement since 2001. Over the years he has gone through different positions and countries, always with an eye on people power, non-violent actions and campaigns by civil society actors. He is very concerned about shrinking civic spaces and besides cherishing good teamwork, he has a real soft spot for all things Asian and \"being outdoors\".<\/p>\n<p>[\/et_pb_testimonial][\/et_pb_column][\/et_pb_row][\/et_pb_section]<\/p>","protected":false},"excerpt":{"rendered":"<p>\u00dcber uns Wir sind die Gr\u00fcndungsmitglieder von Zivilgesellschaft ohne Grenzen e.V. und bringen aus unseren bisherigen T\u00e4tigkeitsbereichen eine Reihe von Erfahrungen mit, die wir in unser Engagement f\u00fcr eine weltweit vernetzte Zivilgesellschaft einfliessen lassen.Nora leitete zahlreiche Seminare in der politischen Bildungsarbeit. Ab 2018 schritt sie zur Tat und baute die Seebr\u00fcck mit auf, Schwerpunkt Strukturen [&hellip;]<\/p>","protected":false},"author":1,"featured_media":0,"parent":0,"menu_order":0,"comment_status":"closed","ping_status":"closed","template":"","meta":{"_et_pb_use_builder":"on","_et_pb_old_content":"","_et_gb_content_width":"","footnotes":""},"class_list":["post-281","page","type-page","status-publish","hentry"],"_links":{"self":[{"href":"https:\/\/zivilgesellschaft-ohne-grenzen.de\/en\/wp-json\/wp\/v2\/pages\/281","targetHints":{"allow":["GET"]}}],"collection":[{"href":"https:\/\/zivilgesellschaft-ohne-grenzen.de\/en\/wp-json\/wp\/v2\/pages"}],"about":[{"href":"https:\/\/zivilgesellschaft-ohne-grenzen.de\/en\/wp-json\/wp\/v2\/types\/page"}],"author":[{"embeddable":true,"href":"https:\/\/zivilgesellschaft-ohne-grenzen.de\/en\/wp-json\/wp\/v2\/users\/1"}],"replies":[{"embeddable":true,"href":"https:\/\/zivilgesellschaft-ohne-grenzen.de\/en\/wp-json\/wp\/v2\/comments?post=281"}],"version-history":[{"count":17,"href":"https:\/\/zivilgesellschaft-ohne-grenzen.de\/en\/wp-json\/wp\/v2\/pages\/281\/revisions"}],"predecessor-version":[{"id":899,"href":"https:\/\/zivilgesellschaft-ohne-grenzen.de\/en\/wp-json\/wp\/v2\/pages\/281\/revisions\/899"}],"wp:attachment":[{"href":"https:\/\/zivilgesellschaft-ohne-grenzen.de\/en\/wp-json\/wp\/v2\/media?parent=281"}],"curies":[{"name":"wp","href":"https:\/\/api.w.org\/{rel}","templated":true}]}}